{"id":81,"date":"2026-02-27T21:17:27","date_gmt":"2026-02-27T21:17:27","guid":{"rendered":"https:\/\/natura.saunowa.pl\/index.php\/portfolio\/"},"modified":"2026-03-01T21:15:34","modified_gmt":"2026-03-01T21:15:34","slug":"portfolio","status":"publish","type":"page","link":"https:\/\/natura.saunowa.pl\/index.php\/portfolio\/","title":{"rendered":"Zawodnicy"},"content":{"rendered":"\t\t<div data-elementor-type=\"wp-page\" data-elementor-id=\"81\" class=\"elementor elementor-81\">\n\t\t\t\t<div class=\"elementor-element elementor-element-63d34850 e-flex e-con-boxed e-con e-parent\" data-id=\"63d34850\" data-element_type=\"container\" data-e-type=\"container\">\n\t\t\t\t\t<div class=\"e-con-inner\">\n\t\t\t\t<div class=\"elementor-element elementor-element-693a71ea elementor-widget elementor-widget-heading\" data-id=\"693a71ea\" data-element_type=\"widget\" data-e-type=\"widget\" data-widget_type=\"heading.default\">\n\t\t\t\t\t<h1 class=\"elementor-heading-title elementor-size-default\">Zawodnicy<\/h1>\t\t\t\t<\/div>\n\t\t\t\t<div class=\"elementor-element elementor-element-152ac140 elementor-widget elementor-widget-heading\" data-id=\"152ac140\" data-element_type=\"widget\" data-e-type=\"widget\" data-widget_type=\"heading.default\">\n\t\t\t\t\t<h5 class=\"elementor-heading-title elementor-size-default\">To miejsce czeka na zapisane dru\u017cyny. Wype\u0142nij formularz i rozpocznij swoj\u0105 przygod\u0119!<\/h5>\t\t\t\t<\/div>\n\t\t\t\t\t<\/div>\n\t\t\t\t<\/div>\n\t\t<div class=\"elementor-element elementor-element-57599f e-con-full e-flex e-con e-parent\" data-id=\"57599f\" data-element_type=\"container\" data-e-type=\"container\">\n\t\t\t\t<div class=\"elementor-element elementor-element-76aad602 gallery-spacing-custom elementor-widget elementor-widget-image-gallery\" data-id=\"76aad602\" data-element_type=\"widget\" data-e-type=\"widget\" data-widget_type=\"image-gallery.default\">\n\t\t\t\t\t\t\t<div class=\"elementor-image-gallery\">\n\t\t\t<div id='gallery-1' class='gallery galleryid-81 gallery-columns-3 gallery-size-full'><figure class='gallery-item'>\n\t\t\t<div class='gallery-icon landscape'>\n\t\t\t\t<a data-elementor-open-lightbox=\"yes\" data-elementor-lightbox-slideshow=\"76aad602\" data-elementor-lightbox-title=\"526x526_01.jpg\" data-e-action-hash=\"#elementor-action%3Aaction%3Dlightbox%26settings%3DeyJpZCI6NjgsInVybCI6Imh0dHBzOlwvXC9uYXR1cmEuc2F1bm93YS5wbFwvd3AtY29udGVudFwvdXBsb2Fkc1wvMjAyNlwvMDJcLzUyNng1MjZfMDEuanBnIiwic2xpZGVzaG93IjoiNzZhYWQ2MDIifQ%3D%3D\" href='https:\/\/natura.saunowa.pl\/wp-content\/uploads\/2026\/02\/526x526_01.jpg'><img fetchpriority=\"high\" decoding=\"async\" width=\"526\" height=\"526\" src=\"https:\/\/natura.saunowa.pl\/wp-content\/uploads\/2026\/02\/526x526_01.jpg\" class=\"attachment-full size-full\" alt=\"\" srcset=\"https:\/\/natura.saunowa.pl\/wp-content\/uploads\/2026\/02\/526x526_01.jpg 526w, https:\/\/natura.saunowa.pl\/wp-content\/uploads\/2026\/02\/526x526_01-300x300.jpg 300w, https:\/\/natura.saunowa.pl\/wp-content\/uploads\/2026\/02\/526x526_01-150x150.jpg 150w, https:\/\/natura.saunowa.pl\/wp-content\/uploads\/2026\/02\/526x526_01-1x1.jpg 1w\" sizes=\"(max-width: 526px) 100vw, 526px\" \/><\/a>\n\t\t\t<\/div><\/figure><figure class='gallery-item'>\n\t\t\t<div class='gallery-icon landscape'>\n\t\t\t\t<a data-elementor-open-lightbox=\"yes\" data-elementor-lightbox-slideshow=\"76aad602\" data-elementor-lightbox-title=\"526x526_02.jpg\" data-e-action-hash=\"#elementor-action%3Aaction%3Dlightbox%26settings%3DeyJpZCI6NjksInVybCI6Imh0dHBzOlwvXC9uYXR1cmEuc2F1bm93YS5wbFwvd3AtY29udGVudFwvdXBsb2Fkc1wvMjAyNlwvMDJcLzUyNng1MjZfMDIuanBnIiwic2xpZGVzaG93IjoiNzZhYWQ2MDIifQ%3D%3D\" href='https:\/\/natura.saunowa.pl\/wp-content\/uploads\/2026\/02\/526x526_02.jpg'><img decoding=\"async\" width=\"526\" height=\"526\" src=\"https:\/\/natura.saunowa.pl\/wp-content\/uploads\/2026\/02\/526x526_02.jpg\" class=\"attachment-full size-full\" alt=\"\" srcset=\"https:\/\/natura.saunowa.pl\/wp-content\/uploads\/2026\/02\/526x526_02.jpg 526w, https:\/\/natura.saunowa.pl\/wp-content\/uploads\/2026\/02\/526x526_02-300x300.jpg 300w, https:\/\/natura.saunowa.pl\/wp-content\/uploads\/2026\/02\/526x526_02-150x150.jpg 150w, https:\/\/natura.saunowa.pl\/wp-content\/uploads\/2026\/02\/526x526_02-1x1.jpg 1w\" sizes=\"(max-width: 526px) 100vw, 526px\" \/><\/a>\n\t\t\t<\/div><\/figure><figure class='gallery-item'>\n\t\t\t<div class='gallery-icon landscape'>\n\t\t\t\t<a data-elementor-open-lightbox=\"yes\" data-elementor-lightbox-slideshow=\"76aad602\" data-elementor-lightbox-title=\"526x526.jpg\" data-e-action-hash=\"#elementor-action%3Aaction%3Dlightbox%26settings%3DeyJpZCI6NzAsInVybCI6Imh0dHBzOlwvXC9uYXR1cmEuc2F1bm93YS5wbFwvd3AtY29udGVudFwvdXBsb2Fkc1wvMjAyNlwvMDJcLzUyNng1MjYuanBnIiwic2xpZGVzaG93IjoiNzZhYWQ2MDIifQ%3D%3D\" href='https:\/\/natura.saunowa.pl\/wp-content\/uploads\/2026\/02\/526x526.jpg'><img decoding=\"async\" width=\"526\" height=\"526\" src=\"https:\/\/natura.saunowa.pl\/wp-content\/uploads\/2026\/02\/526x526.jpg\" class=\"attachment-full size-full\" alt=\"\" srcset=\"https:\/\/natura.saunowa.pl\/wp-content\/uploads\/2026\/02\/526x526.jpg 526w, https:\/\/natura.saunowa.pl\/wp-content\/uploads\/2026\/02\/526x526-300x300.jpg 300w, https:\/\/natura.saunowa.pl\/wp-content\/uploads\/2026\/02\/526x526-150x150.jpg 150w, https:\/\/natura.saunowa.pl\/wp-content\/uploads\/2026\/02\/526x526-1x1.jpg 1w\" sizes=\"(max-width: 526px) 100vw, 526px\" \/><\/a>\n\t\t\t<\/div><\/figure>\n\t\t<\/div>\n\t\t<\/div>\n\t\t\t\t\t\t<\/div>\n\t\t\t\t<\/div>\n\t\t<div class=\"elementor-element elementor-element-f57a909 e-con-full e-flex e-con e-parent\" data-id=\"f57a909\" data-element_type=\"container\" data-e-type=\"container\" data-settings=\"{&quot;background_background&quot;:&quot;classic&quot;}\">\n\t\t<div class=\"elementor-element elementor-element-14bb2cb1 e-con-full e-flex e-con e-child\" data-id=\"14bb2cb1\" data-element_type=\"container\" data-e-type=\"container\">\n\t\t\t\t<div class=\"elementor-element elementor-element-7cddb57a elementor-widget elementor-widget-heading\" data-id=\"7cddb57a\" data-element_type=\"widget\" data-e-type=\"widget\" data-widget_type=\"heading.default\">\n\t\t\t\t\t<h2 class=\"elementor-heading-title elementor-size-default\">Stw\u00f3rz dru\u017cyn\u0119 i zapisz si\u0119 ju\u017c dzi\u015b<\/h2>\t\t\t\t<\/div>\n\t\t\t\t<div class=\"elementor-element elementor-element-5e1de9f7 elementor-widget elementor-widget-text-editor\" data-id=\"5e1de9f7\" data-element_type=\"widget\" data-e-type=\"widget\" data-widget_type=\"text-editor.default\">\n\t\t\t\t\t\t\t\t\t<p>Wszystkie seanse w ramach zawod\u00f3w prowadzone s\u0105 dru\u017cynowo przez 2-3 saunamistrz\u00f3w.<\/p>\t\t\t\t\t\t\t\t<\/div>\n\t\t\t\t<div class=\"elementor-element elementor-element-5bb73fdf elementor-invisible elementor-widget elementor-widget-button\" data-id=\"5bb73fdf\" data-element_type=\"widget\" data-e-type=\"widget\" data-settings=\"{&quot;_animation&quot;:&quot;fadeInDown&quot;}\" data-widget_type=\"button.default\">\n\t\t\t\t\t\t\t\t\t\t<a class=\"elementor-button elementor-button-link elementor-size-sm\" href=\"https:\/\/natura.saunowa.pl\/index.php\/wez-udzial\/\">\n\t\t\t\t\t\t<span class=\"elementor-button-content-wrapper\">\n\t\t\t\t\t\t\t\t\t<span class=\"elementor-button-text\">Zg\u0142o\u015b Dru\u017cyn\u0119<\/span>\n\t\t\t\t\t<\/span>\n\t\t\t\t\t<\/a>\n\t\t\t\t\t\t\t\t<\/div>\n\t\t\t\t<\/div>\n\t\t<div class=\"elementor-element elementor-element-3231a33b e-con-full e-flex e-con e-child\" data-id=\"3231a33b\" data-element_type=\"container\" data-e-type=\"container\">\n\t\t\t\t<div class=\"elementor-element elementor-element-3bebec3c elementor-widget elementor-widget-image\" data-id=\"3bebec3c\" data-element_type=\"widget\" data-e-type=\"widget\" data-widget_type=\"image.default\">\n\t\t\t\t\t\t\t\t\t\t\t\t\t\t\t<img loading=\"lazy\" decoding=\"async\" width=\"2560\" height=\"2555\" src=\"https:\/\/natura.saunowa.pl\/wp-content\/uploads\/2026\/02\/Zapisy-scaled.jpg\" class=\"attachment-full size-full wp-image-164\" alt=\"\" srcset=\"https:\/\/natura.saunowa.pl\/wp-content\/uploads\/2026\/02\/Zapisy-scaled.jpg 2560w, https:\/\/natura.saunowa.pl\/wp-content\/uploads\/2026\/02\/Zapisy-300x300.jpg 300w, https:\/\/natura.saunowa.pl\/wp-content\/uploads\/2026\/02\/Zapisy-1024x1022.jpg 1024w, https:\/\/natura.saunowa.pl\/wp-content\/uploads\/2026\/02\/Zapisy-150x150.jpg 150w, https:\/\/natura.saunowa.pl\/wp-content\/uploads\/2026\/02\/Zapisy-768x766.jpg 768w, https:\/\/natura.saunowa.pl\/wp-content\/uploads\/2026\/02\/Zapisy-1536x1533.jpg 1536w, https:\/\/natura.saunowa.pl\/wp-content\/uploads\/2026\/02\/Zapisy-2048x2044.jpg 2048w, https:\/\/natura.saunowa.pl\/wp-content\/uploads\/2026\/02\/Zapisy-1x1.jpg 1w\" sizes=\"(max-width: 2560px) 100vw, 2560px\" \/>\t\t\t\t\t\t\t\t\t\t\t\t\t\t\t<\/div>\n\t\t\t\t<\/div>\n\t\t\t\t<\/div>\n\t\t\t\t<\/div>\n\t\t","protected":false},"excerpt":{"rendered":"<p>Zawodnicy To miejsce czeka na zapisane dru\u017cyny. Wype\u0142nij formularz i rozpocznij swoj\u0105 przygod\u0119! Stw\u00f3rz dru\u017cyn\u0119 i zapisz si\u0119 ju\u017c dzi\u015b Wszystkie seanse w ramach zawod\u00f3w prowadzone s\u0105 dru\u017cynowo przez 2-3 saunamistrz\u00f3w. Zg\u0142o\u015b Dru\u017cyn\u0119<\/p>\n","protected":false},"author":1,"featured_media":94,"parent":0,"menu_order":0,"comment_status":"closed","ping_status":"closed","template":"elementor_header_footer","meta":{"footnotes":""},"class_list":["post-81","page","type-page","status-publish","has-post-thumbnail","hentry"],"_links":{"self":[{"href":"https:\/\/natura.saunowa.pl\/index.php\/wp-json\/wp\/v2\/pages\/81","targetHints":{"allow":["GET"]}}],"collection":[{"href":"https:\/\/natura.saunowa.pl\/index.php\/wp-json\/wp\/v2\/pages"}],"about":[{"href":"https:\/\/natura.saunowa.pl\/index.php\/wp-json\/wp\/v2\/types\/page"}],"author":[{"embeddable":true,"href":"https:\/\/natura.saunowa.pl\/index.php\/wp-json\/wp\/v2\/users\/1"}],"replies":[{"embeddable":true,"href":"https:\/\/natura.saunowa.pl\/index.php\/wp-json\/wp\/v2\/comments?post=81"}],"version-history":[{"count":17,"href":"https:\/\/natura.saunowa.pl\/index.php\/wp-json\/wp\/v2\/pages\/81\/revisions"}],"predecessor-version":[{"id":329,"href":"https:\/\/natura.saunowa.pl\/index.php\/wp-json\/wp\/v2\/pages\/81\/revisions\/329"}],"wp:featuredmedia":[{"embeddable":true,"href":"https:\/\/natura.saunowa.pl\/index.php\/wp-json\/wp\/v2\/media\/94"}],"wp:attachment":[{"href":"https:\/\/natura.saunowa.pl\/index.php\/wp-json\/wp\/v2\/media?parent=81"}],"curies":[{"name":"wp","href":"https:\/\/api.w.org\/{rel}","templated":true}]}}